{"id":10143,"date":"2024-04-23T13:55:56","date_gmt":"2024-04-23T13:55:56","guid":{"rendered":"https:\/\/wordpress.alessandropugliese.ch\/noorvisiongmbh\/?page_id=10143"},"modified":"2026-03-13T09:56:52","modified_gmt":"2026-03-13T09:56:52","slug":"impressum","status":"publish","type":"page","link":"https:\/\/noor-vision.com\/nl\/impressum\/","title":{"rendered":"Impressum"},"content":{"rendered":"<div data-elementor-type=\"wp-page\" data-elementor-id=\"10143\" class=\"elementor elementor-10143\">\n\t\t\t\t<div class=\"elementor-element elementor-element-331c853 e-flex e-con-boxed e-con e-parent\" data-id=\"331c853\" data-element_type=\"container\" data-e-type=\"container\">\n\t\t\t\t\t<div class=\"e-con-inner\">\n\t\t\t\t<div class=\"elementor-element elementor-element-5ff2146 elementor-widget elementor-widget-text-editor\" data-id=\"5ff2146\" data-element_type=\"widget\" data-e-type=\"widget\" data-widget_type=\"text-editor.default\">\n\t\t\t\t<div class=\"elementor-widget-container\">\n\t\t\t\t\t\t\t\t\t<h4>Angaben gem\u00e4\u00df \u00a7 5 TMG<\/h4><p>Noor Vision GmbH<br \/>Kreuzstra\u00dfe 28d<br \/>40210 D\u00fcsseldorf<\/p><h4>Contact<\/h4><p>Gesch\u00e4ftsf\u00fchrer: Maiwand Noor, Daniel Nurzai<\/p><p>E-Mail: inquiries@noor-vision.com<\/p><h4>Umsatzsteuer-ID<\/h4><p>Umsatzsteuer-Identifikationsnummer gem\u00e4\u00df \u00a7 27 a Umsatzsteuergesetz:<br \/>DE359874096<\/p><h4>Berufsbezeichnung und berufsrechtliche Regelungen<\/h4><p>Berufsbezeichnung: IT-Berater<br \/>Verliehen durch: Deuschland<br \/>Es gelten folgende berufsrechtliche Regelungen:<\/p><h4>EU-Streitschlichtung<\/h4><p>Die Europ\u00e4ische Kommission stellt eine Plattform zur Online-Streitbeilegung (OS) bereit:\u00a0<a href=\"https:\/\/ec.europa.eu\/consumers\/odr\" target=\"_blank\" rel=\"noopener noreferrer\">https:\/\/ec.europa.eu\/consumers\/odr<\/a>.<br \/>Unsere E-Mail-Adresse finden Sie oben im Impressum.<\/p><h4>Verbraucher\u00adstreit\u00adbeilegung\/Universal\u00adschlichtungs\u00adstelle<\/h4><p>Wir sind nicht bereit oder verpflichtet, an Streitbeilegungsverfahren vor einer Verbraucherschlichtungsstelle teilzunehmen.<\/p><h4>Haftung f\u00fcr Inhalte<\/h4><p>Als Diensteanbieter sind wir gem\u00e4\u00df \u00a7 7 Abs.1 TMG f\u00fcr eigene Inhalte auf diesen Seiten nach den allgemeinen Gesetzen verantwortlich. Nach \u00a7\u00a7 8 bis 10 TMG sind wir als Diensteanbieter jedoch nicht verpflichtet, \u00fcbermittelte oder gespeicherte fremde Informationen zu \u00fcberwachen oder nach Umst\u00e4nden zu forschen, die auf eine rechtswidrige T\u00e4tigkeit hinweisen.<\/p><p>Verpflichtungen zur Entfernung oder Sperrung der Nutzung von Informationen nach den allgemeinen Gesetzen bleiben hiervon unber\u00fchrt. Eine diesbez\u00fcgliche Haftung ist jedoch erst ab dem Zeitpunkt der Kenntnis einer konkreten Rechtsverletzung m\u00f6glich. Bei Bekanntwerden von entsprechenden Rechtsverletzungen werden wir diese Inhalte umgehend entfernen.<\/p><h4>Haftung f\u00fcr Links<\/h4><p>Unser Angebot enth\u00e4lt Links zu externen Websites Dritter, auf deren Inhalte wir keinen Einfluss haben. Deshalb k\u00f6nnen wir f\u00fcr diese fremden Inhalte auch keine Gew\u00e4hr \u00fcbernehmen. F\u00fcr die Inhalte der verlinkten Seiten ist stets der jeweilige Anbieter oder Betreiber der Seiten verantwortlich. Die verlinkten Seiten wurden zum Zeitpunkt der Verlinkung auf m\u00f6gliche Rechtsverst\u00f6\u00dfe \u00fcberpr\u00fcft. Rechtswidrige Inhalte waren zum Zeitpunkt der Verlinkung nicht erkennbar.<\/p><p>Eine permanente inhaltliche Kontrolle der verlinkten Seiten ist jedoch ohne konkrete Anhaltspunkte einer Rechtsverletzung nicht zumutbar. Bei Bekanntwerden von Rechtsverletzungen werden wir derartige Links umgehend entfernen.<\/p><h4>Urheberrecht<\/h4><p>Die durch die Seitenbetreiber erstellten Inhalte und Werke auf diesen Seiten unterliegen dem deutschen Urheberrecht. Die Vervielf\u00e4ltigung, Bearbeitung, Verbreitung und jede Art der Verwertung au\u00dferhalb der Grenzen des Urheberrechtes bed\u00fcrfen der schriftlichen Zustimmung des jeweiligen Autors bzw. Erstellers. Downloads und Kopien dieser Seite sind nur f\u00fcr den privaten, nicht kommerziellen Gebrauch gestattet.<\/p><p>Soweit die Inhalte auf dieser Seite nicht vom Betreiber erstellt wurden, werden die Urheberrechte Dritter beachtet. Insbesondere werden Inhalte Dritter als solche gekennzeichnet. Sollten Sie trotzdem auf eine Urheberrechtsverletzung aufmerksam werden, bitten wir um einen entsprechenden Hinweis. Bei Bekanntwerden von Rechtsverletzungen werden wir derartige Inhalte umgehend entfernen.<\/p><p>Quelle:\u00a0<a href=\"https:\/\/www.e-recht24.de\/\">https:\/\/www.e-recht24.de<\/a><\/p>\t\t\t\t\t\t\t\t<\/div>\n\t\t\t\t<\/div>\n\t\t\t\t\t<\/div>\n\t\t\t\t<\/div>\n\t\t\t\t<\/div>","protected":false},"excerpt":{"rendered":"<p>Angaben gem\u00e4\u00df \u00a7 5 TMG Noor Vision GmbHKreuzstra\u00dfe 28d40210 D\u00fcsseldorf Kontakt Gesch\u00e4ftsf\u00fchrer: Maiwand Noor, Daniel Nurzai E-Mail: inquiries@noor-vision.com Umsatzsteuer-ID Umsatzsteuer-Identifikationsnummer gem\u00e4\u00df \u00a7 27 a Umsatzsteuergesetz:DE359874096 Berufsbezeichnung und berufsrechtliche Regelungen Berufsbezeichnung: IT-BeraterVerliehen durch: DeuschlandEs gelten folgende berufsrechtliche Regelungen: EU-Streitschlichtung Die Europ\u00e4ische Kommission stellt eine Plattform zur Online-Streitbeilegung (OS) bereit:\u00a0https:\/\/ec.europa.eu\/consumers\/odr.Unsere E-Mail-Adresse finden Sie oben im Impressum. Verbraucher\u00adstreit\u00adbeilegung\/Universal\u00adschlichtungs\u00adstelle [&hellip;]<\/p>\n","protected":false},"author":1,"featured_media":0,"parent":0,"menu_order":0,"comment_status":"closed","ping_status":"closed","template":"","meta":{"footnotes":""},"class_list":["post-10143","page","type-page","status-publish","hentry"],"yoast_head":"<!-- This site is optimized with the Yoast SEO plugin v27.3 - https:\/\/yoast.com\/product\/yoast-seo-wordpress\/ -->\n<title>Noor Vision GmbH | Ihr SAP Logistics Partner | EWM \/ WM \/ S\/4 HANA<\/title>\n<meta name=\"description\" content=\"Transforming visions into reality. Noor Vision ber\u00e4t Unternehmen in strategischen Fragen mit einem Fokus auf SAP Implementierung und Spezialisierungen in SAP WM, EWM, LES, YM, TM, SRM.\" \/>\n<meta name=\"robots\" content=\"index, follow, max-snippet:-1, max-image-preview:large, max-video-preview:-1\" \/>\n<link rel=\"canonical\" href=\"https:\/\/noor-vision.com\/nl\/impressum\/\" \/>\n<meta property=\"og:locale\" content=\"nl_NL\" \/>\n<meta property=\"og:type\" content=\"article\" \/>\n<meta property=\"og:title\" content=\"Noor Vision GmbH | Ihr SAP Logistics Partner | EWM \/ WM \/ S\/4 HANA\" \/>\n<meta property=\"og:description\" content=\"Transforming visions into reality. Noor Vision ber\u00e4t Unternehmen in strategischen Fragen mit einem Fokus auf SAP Implementierung und Spezialisierungen in SAP WM, EWM, LES, YM, TM, SRM.\" \/>\n<meta property=\"og:url\" content=\"https:\/\/noor-vision.com\/nl\/impressum\/\" \/>\n<meta property=\"og:site_name\" content=\"Noor Vision GmbH\" \/>\n<meta property=\"article:modified_time\" content=\"2026-03-13T09:56:52+00:00\" \/>\n<meta property=\"og:image\" content=\"https:\/\/noor-vision.com\/wp-content\/uploads\/2021\/11\/cropped-Design-ohne-Titel-2024-05-27T165229.007.png\" \/>\n\t<meta property=\"og:image:width\" content=\"512\" \/>\n\t<meta property=\"og:image:height\" content=\"512\" \/>\n\t<meta property=\"og:image:type\" content=\"image\/png\" \/>\n<meta name=\"twitter:card\" content=\"summary_large_image\" \/>\n<meta name=\"twitter:label1\" content=\"Verwachte leestijd\" \/>\n\t<meta name=\"twitter:data1\" content=\"3 minuten\" \/>\n<script type=\"application\/ld+json\" class=\"yoast-schema-graph\">{\"@context\":\"https:\\\/\\\/schema.org\",\"@graph\":[{\"@type\":\"WebPage\",\"@id\":\"https:\\\/\\\/noor-vision.com\\\/impressum\\\/\",\"url\":\"https:\\\/\\\/noor-vision.com\\\/impressum\\\/\",\"name\":\"Noor Vision GmbH | Ihr SAP Logistics Partner | EWM \\\/ WM \\\/ S\\\/4 HANA\",\"isPartOf\":{\"@id\":\"https:\\\/\\\/noor-vision.com\\\/#website\"},\"datePublished\":\"2024-04-23T13:55:56+00:00\",\"dateModified\":\"2026-03-13T09:56:52+00:00\",\"description\":\"Transforming visions into reality. Noor Vision ber\u00e4t Unternehmen in strategischen Fragen mit einem Fokus auf SAP Implementierung und Spezialisierungen in SAP WM, EWM, LES, YM, TM, SRM.\",\"breadcrumb\":{\"@id\":\"https:\\\/\\\/noor-vision.com\\\/impressum\\\/#breadcrumb\"},\"inLanguage\":\"nl-NL\",\"potentialAction\":[{\"@type\":\"ReadAction\",\"target\":[\"https:\\\/\\\/noor-vision.com\\\/impressum\\\/\"]}]},{\"@type\":\"BreadcrumbList\",\"@id\":\"https:\\\/\\\/noor-vision.com\\\/impressum\\\/#breadcrumb\",\"itemListElement\":[{\"@type\":\"ListItem\",\"position\":1,\"name\":\"Startseite\",\"item\":\"https:\\\/\\\/noor-vision.com\\\/\"},{\"@type\":\"ListItem\",\"position\":2,\"name\":\"Impressum\"}]},{\"@type\":\"WebSite\",\"@id\":\"https:\\\/\\\/noor-vision.com\\\/#website\",\"url\":\"https:\\\/\\\/noor-vision.com\\\/\",\"name\":\"Noor Vision GmbH\",\"description\":\"Transforming visions into reality.\",\"publisher\":{\"@id\":\"https:\\\/\\\/noor-vision.com\\\/#organization\"},\"alternateName\":\"Noor Vision\",\"potentialAction\":[{\"@type\":\"SearchAction\",\"target\":{\"@type\":\"EntryPoint\",\"urlTemplate\":\"https:\\\/\\\/noor-vision.com\\\/?s={search_term_string}\"},\"query-input\":{\"@type\":\"PropertyValueSpecification\",\"valueRequired\":true,\"valueName\":\"search_term_string\"}}],\"inLanguage\":\"nl-NL\"},{\"@type\":\"Organization\",\"@id\":\"https:\\\/\\\/noor-vision.com\\\/#organization\",\"name\":\"Noor Vision GmbH\",\"alternateName\":\"Noor Vision\",\"url\":\"https:\\\/\\\/noor-vision.com\\\/\",\"logo\":{\"@type\":\"ImageObject\",\"inLanguage\":\"nl-NL\",\"@id\":\"https:\\\/\\\/noor-vision.com\\\/#\\\/schema\\\/logo\\\/image\\\/\",\"url\":\"https:\\\/\\\/noor-vision.com\\\/wp-content\\\/uploads\\\/2021\\\/11\\\/cropped-Design-ohne-Titel-2024-05-27T165229.007.png\",\"contentUrl\":\"https:\\\/\\\/noor-vision.com\\\/wp-content\\\/uploads\\\/2021\\\/11\\\/cropped-Design-ohne-Titel-2024-05-27T165229.007.png\",\"width\":512,\"height\":512,\"caption\":\"Noor Vision GmbH\"},\"image\":{\"@id\":\"https:\\\/\\\/noor-vision.com\\\/#\\\/schema\\\/logo\\\/image\\\/\"},\"sameAs\":[\"https:\\\/\\\/de.linkedin.com\\\/company\\\/noor-vision-management-consulting\"]}]}<\/script>\n<!-- \/ Yoast SEO plugin. -->","yoast_head_json":{"title":"Noor Vision GmbH | Ihr SAP Logistics Partner | EWM \/ WM \/ S\/4 HANA","description":"Transforming visions into reality. Noor Vision ber\u00e4t Unternehmen in strategischen Fragen mit einem Fokus auf SAP Implementierung und Spezialisierungen in SAP WM, EWM, LES, YM, TM, SRM.","robots":{"index":"index","follow":"follow","max-snippet":"max-snippet:-1","max-image-preview":"max-image-preview:large","max-video-preview":"max-video-preview:-1"},"canonical":"https:\/\/noor-vision.com\/nl\/impressum\/","og_locale":"nl_NL","og_type":"article","og_title":"Noor Vision GmbH | Ihr SAP Logistics Partner | EWM \/ WM \/ S\/4 HANA","og_description":"Transforming visions into reality. Noor Vision ber\u00e4t Unternehmen in strategischen Fragen mit einem Fokus auf SAP Implementierung und Spezialisierungen in SAP WM, EWM, LES, YM, TM, SRM.","og_url":"https:\/\/noor-vision.com\/nl\/impressum\/","og_site_name":"Noor Vision GmbH","article_modified_time":"2026-03-13T09:56:52+00:00","og_image":[{"width":512,"height":512,"url":"https:\/\/noor-vision.com\/wp-content\/uploads\/2021\/11\/cropped-Design-ohne-Titel-2024-05-27T165229.007.png","type":"image\/png"}],"twitter_card":"summary_large_image","twitter_misc":{"Verwachte leestijd":"3 minuten"},"schema":{"@context":"https:\/\/schema.org","@graph":[{"@type":"WebPage","@id":"https:\/\/noor-vision.com\/impressum\/","url":"https:\/\/noor-vision.com\/impressum\/","name":"Noor Vision GmbH | Ihr SAP Logistics Partner | EWM \/ WM \/ S\/4 HANA","isPartOf":{"@id":"https:\/\/noor-vision.com\/#website"},"datePublished":"2024-04-23T13:55:56+00:00","dateModified":"2026-03-13T09:56:52+00:00","description":"Transforming visions into reality. Noor Vision ber\u00e4t Unternehmen in strategischen Fragen mit einem Fokus auf SAP Implementierung und Spezialisierungen in SAP WM, EWM, LES, YM, TM, SRM.","breadcrumb":{"@id":"https:\/\/noor-vision.com\/impressum\/#breadcrumb"},"inLanguage":"nl-NL","potentialAction":[{"@type":"ReadAction","target":["https:\/\/noor-vision.com\/impressum\/"]}]},{"@type":"BreadcrumbList","@id":"https:\/\/noor-vision.com\/impressum\/#breadcrumb","itemListElement":[{"@type":"ListItem","position":1,"name":"Startseite","item":"https:\/\/noor-vision.com\/"},{"@type":"ListItem","position":2,"name":"Impressum"}]},{"@type":"WebSite","@id":"https:\/\/noor-vision.com\/#website","url":"https:\/\/noor-vision.com\/","name":"Noor Vision GmbH","description":"Transforming visions into reality.","publisher":{"@id":"https:\/\/noor-vision.com\/#organization"},"alternateName":"Noor Vision","potentialAction":[{"@type":"SearchAction","target":{"@type":"EntryPoint","urlTemplate":"https:\/\/noor-vision.com\/?s={search_term_string}"},"query-input":{"@type":"PropertyValueSpecification","valueRequired":true,"valueName":"search_term_string"}}],"inLanguage":"nl-NL"},{"@type":"Organization","@id":"https:\/\/noor-vision.com\/#organization","name":"Noor Vision GmbH","alternateName":"Noor Vision","url":"https:\/\/noor-vision.com\/","logo":{"@type":"ImageObject","inLanguage":"nl-NL","@id":"https:\/\/noor-vision.com\/#\/schema\/logo\/image\/","url":"https:\/\/noor-vision.com\/wp-content\/uploads\/2021\/11\/cropped-Design-ohne-Titel-2024-05-27T165229.007.png","contentUrl":"https:\/\/noor-vision.com\/wp-content\/uploads\/2021\/11\/cropped-Design-ohne-Titel-2024-05-27T165229.007.png","width":512,"height":512,"caption":"Noor Vision GmbH"},"image":{"@id":"https:\/\/noor-vision.com\/#\/schema\/logo\/image\/"},"sameAs":["https:\/\/de.linkedin.com\/company\/noor-vision-management-consulting"]}]}},"_links":{"self":[{"href":"https:\/\/noor-vision.com\/nl\/wp-json\/wp\/v2\/pages\/10143","targetHints":{"allow":["GET"]}}],"collection":[{"href":"https:\/\/noor-vision.com\/nl\/wp-json\/wp\/v2\/pages"}],"about":[{"href":"https:\/\/noor-vision.com\/nl\/wp-json\/wp\/v2\/types\/page"}],"author":[{"embeddable":true,"href":"https:\/\/noor-vision.com\/nl\/wp-json\/wp\/v2\/users\/1"}],"replies":[{"embeddable":true,"href":"https:\/\/noor-vision.com\/nl\/wp-json\/wp\/v2\/comments?post=10143"}],"version-history":[{"count":10,"href":"https:\/\/noor-vision.com\/nl\/wp-json\/wp\/v2\/pages\/10143\/revisions"}],"predecessor-version":[{"id":14944,"href":"https:\/\/noor-vision.com\/nl\/wp-json\/wp\/v2\/pages\/10143\/revisions\/14944"}],"wp:attachment":[{"href":"https:\/\/noor-vision.com\/nl\/wp-json\/wp\/v2\/media?parent=10143"}],"curies":[{"name":"wp","href":"https:\/\/api.w.org\/{rel}","templated":true}]}}